{"id":2482,"date":"2023-06-04T15:45:23","date_gmt":"2023-06-04T13:45:23","guid":{"rendered":"https:\/\/nokossaksaly.tfolio.fr\/?page_id=2482"},"modified":"2023-07-19T09:28:01","modified_gmt":"2023-07-19T07:28:01","slug":"politique-cookies","status":"publish","type":"page","link":"https:\/\/nokossaksaly.tfolio.fr\/index.php\/politique-cookies\/","title":{"rendered":"POLITIQUE COOKIES"},"content":{"rendered":"<p>[et_pb_section fb_built=&#8221;1&#8243; _builder_version=&#8221;4.19.5&#8243; _module_preset=&#8221;default&#8221; background_color=&#8221;rgba(0,0,0,0.32)&#8221; hover_enabled=&#8221;0&#8243; global_colors_info=&#8221;{}&#8221; title_text=&#8221;FOND-SAUMON-NOIR-2&#8243; background_image=&#8221;https:\/\/nokossaksaly.tfolio.fr\/wp-content\/uploads\/2023\/06\/FOND-SAUMON-NOIR-2.jpg&#8221; background_blend=&#8221;multiply&#8221; sticky_enabled=&#8221;0&#8243;][et_pb_row _builder_version=&#8221;4.16&#8243; _module_preset=&#8221;default&#8221; custom_margin=&#8221;-44px|auto||auto||&#8221; custom_padding=&#8221;233px||0px|||&#8221; global_colors_info=&#8221;{}&#8221;][et_pb_column type=&#8221;4_4&#8243; _builder_version=&#8221;4.16&#8243; _module_preset=&#8221;default&#8221; global_colors_info=&#8221;{}&#8221;][et_pb_text _builder_version=&#8221;4.19.5&#8243; _module_preset=&#8221;default&#8221; custom_margin=&#8221;-101px||108px|||&#8221; hover_enabled=&#8221;0&#8243; inline_fonts=&#8221;Times New Roman,Abel&#8221; global_colors_info=&#8221;{}&#8221; sticky_enabled=&#8221;0&#8243;]<\/p>\n<p><span style=\"font-size: xx-large; color: #ffffff; font-family: Abel; font-weight: normal;\"><strong>Politique relative aux cookies<\/strong><\/span><\/p>\n<p><span style=\"font-size: x-large; color: #ffffff; font-family: Abel; font-weight: normal;\"><strong><\/strong><\/span><\/p>\n<p><span style=\"font-size: x-large; color: #ffffff; font-family: Abel; font-weight: normal;\"><strong><\/strong><\/span><\/p>\n<p><span style=\"font-size: x-large; color: #ffffff; font-family: Abel; font-weight: normal;\"><strong>\u00c0 propos de cette politique de cookies<\/strong><\/span><\/p>\n<p><span style=\"font-family: Abel; font-weight: normal; font-size: x-large; color: #ffffff;\"><\/span><\/p>\n<p><span style=\"font-family: Abel; font-weight: normal; font-size: x-large; color: #ffffff;\">Cette politique en mati\u00e8re de cookies explique ce que sont les cookies et comment nous les utilisons, <\/span><\/p>\n<p><span style=\"color: #ffffff; font-size: x-large; font-family: Abel; font-weight: normal;\">les types de cookies que nous utilisons, c\u2019est-\u00e0-dire les informations que nous collectons \u00e0 l\u2019aide de <\/span><\/p>\n<p><span style=\"color: #ffffff; font-size: x-large; font-family: Abel; font-weight: normal;\">cookies et comment ces informations sont utilis\u00e9es, et comment contr\u00f4ler les pr\u00e9f\u00e9rences en mati\u00e8re <\/span><\/p>\n<p><span style=\"color: #ffffff; font-size: x-large; font-family: Abel; font-weight: normal;\">de cookies. Pour plus d\u2019informations sur la fa\u00e7on dont nous utilisons, stockons et prot\u00e9geons vos donn\u00e9es <\/span><\/p>\n<p><span style=\"color: #ffffff; font-size: x-large; font-family: Abel; font-weight: normal;\">personnelles, consultez notre Politique de confidentialit\u00e9. Vous pouvez \u00e0 tout moment modifier ou retirer <\/span><\/p>\n<p><span style=\"color: #ffffff; font-size: x-large; font-family: Abel; font-weight: normal;\">votre consentement de la d\u00e9claration relative aux cookies sur notre site Web En savoir plus sur qui nous <\/span><\/p>\n<p><span style=\"font-family: Abel; font-weight: normal; font-size: x-large; color: #ffffff;\">sommes, comment vous pouvez nous contacter et comment nous traitons les donn\u00e9es personnelles dans <\/span><\/p>\n<p><span style=\"color: #ffffff; font-size: x-large; font-family: Abel; font-weight: normal;\">notre politique de confidentialit\u00e9. <\/span><\/p>\n<p><span style=\"font-family: Abel; font-weight: normal; font-size: x-large; color: #ffffff;\">Votre consentement s\u2019applique aux domaines suivants : savourez.nokoss-aksaly.com<\/span><\/p>\n<p><span style=\"font-family: Abel; font-weight: normal; font-size: x-large; color: #ffffff;\">\u00a0<\/span><\/p>\n<p><span style=\"font-family: Abel; font-weight: normal; font-size: x-large; color: #ffffff;\">\u00a0<\/span><\/p>\n<p><span style=\"color: #ffffff; font-size: x-large; font-family: Abel; font-weight: normal;\"><strong>Que sont les cookies ? <\/strong><\/span><\/p>\n<p><span style=\"font-family: Abel; font-weight: normal; font-size: x-large; color: #ffffff;\"><\/span><\/p>\n<p><span style=\"font-family: Abel; font-weight: normal; font-size: x-large; color: #ffffff;\">Les cookies sont de petits fichiers texte qui sont utilis\u00e9s pour stocker de petits \u00e9l\u00e9ments d\u2019information.<\/span><\/p>\n<p><span style=\"font-family: Abel; font-weight: normal; font-size: x-large; color: #ffffff;\">Ils sont stock\u00e9s sur votre appareil lorsque le site web est charg\u00e9 sur votre navigateur. Ces cookies nous <\/span><\/p>\n<p><span style=\"color: #ffffff; font-size: x-large; font-family: Abel; font-weight: normal;\">aident \u00e0 faire fonctionner le site web correctement, \u00e0 le rendre plus s\u00fbr, \u00e0 fournir une meilleure exp\u00e9rience <\/span><\/p>\n<p><span style=\"color: #ffffff; font-size: x-large; font-family: Abel; font-weight: normal;\">utilisateur et \u00e0 comprendre comment le site web fonctionne et \u00e0 analyser ce qui fonctionne et ce qui doit <\/span><\/p>\n<p><span style=\"font-family: Abel; font-size: x-large; color: #ffffff; font-weight: normal;\">\u00eatre am\u00e9lior\u00e9.<\/span><\/p>\n<p><span style=\"font-family: Abel; font-weight: normal; font-size: x-large; color: #ffffff;\">\u00a0<\/span><\/p>\n<p><span style=\"font-family: Abel; font-weight: normal; font-size: x-large; color: #ffffff;\">\u00a0<\/span><\/p>\n<p><span style=\"font-size: x-large; color: #ffffff; font-family: Abel; font-weight: normal;\"><strong>Comment utilisons-nous les cookies ?<\/strong><\/span><\/p>\n<p><span style=\"font-size: x-large; color: #ffffff; font-family: Abel; font-weight: normal;\"><strong><\/strong><\/span><\/p>\n<p><span style=\"font-family: Abel; font-weight: normal; font-size: x-large; color: #ffffff;\">Comme la plupart des services en ligne, notre site web utilise des cookies de premi\u00e8re partie et de tierce<\/span><\/p>\n<p><span style=\"color: #ffffff; font-size: x-large; font-family: Abel; font-weight: normal;\">partie \u00e0 plusieurs fins. Les cookies de premi\u00e8re partie sont principalement n\u00e9cessaires pour que le site web <\/span><\/p>\n<p><span style=\"color: #ffffff; font-size: x-large; font-family: Abel; font-weight: normal;\">fonctionne correctement, et ils ne collectent aucune de vos donn\u00e9es personnellement identifiables. <\/span><\/p>\n<p><span style=\"color: #ffffff; font-size: x-large; font-family: Abel; font-weight: normal;\">Les cookies tiers utilis\u00e9s sur notre site web servent principalement \u00e0 comprendre comment le site web <\/span><\/p>\n<p><span style=\"color: #ffffff; font-size: x-large; font-family: Abel; font-weight: normal;\">fonctionne, comment vous interagissez avec notre site web, \u00e0 assurer la s\u00e9curit\u00e9 de nos services, \u00e0 fournir <\/span><\/p>\n<p><span style=\"color: #ffffff; font-size: x-large; font-family: Abel; font-weight: normal;\">des publicit\u00e9s qui vous sont pertinentes et, dans l\u2019ensemble, \u00e0 vous fournir une exp\u00e9rience utilisateur <\/span><\/p>\n<p><span style=\"color: #ffffff; font-size: x-large; font-family: Abel; font-weight: normal;\">meilleure et am\u00e9lior\u00e9e et \u00e0 contribuer \u00e0 acc\u00e9l\u00e9rer vos interactions futures avec notre site web.<\/span><\/p>\n<p><span style=\"font-family: Abel; font-weight: normal; font-size: x-large; color: #ffffff;\">\u00a0<\/span><\/p>\n<p><span style=\"font-family: Abel; font-weight: normal; font-size: x-large; color: #ffffff;\">\u00a0<\/span><\/p>\n<p><span style=\"font-size: x-large; color: #ffffff; font-family: Abel; font-weight: normal;\"><strong>Quels types de cookies utilisons-nous ?<\/strong><\/span><\/p>\n<p><span style=\"font-size: x-large; color: #ffffff; font-family: Abel; font-weight: normal;\"><strong><\/strong><\/span><\/p>\n<p><span style=\"font-family: Abel; font-weight: normal; font-size: x-large; color: #ffffff;\"><strong><\/strong><\/span><\/p>\n<p><span style=\"font-family: Abel; font-weight: normal; font-size: x-large; color: #ffffff;\"><strong>Essentiels :<\/strong> Certains cookies sont essentiels pour que vous puissiez b\u00e9n\u00e9ficier de toutes les fonctionnalit\u00e9s <\/span><\/p>\n<p><span style=\"color: #ffffff; font-size: x-large; font-family: Abel; font-weight: normal;\">de notre site. Ils nous permettent de maintenir les sessions des utilisateurs et de pr\u00e9venir toute menace de <\/span><\/p>\n<p><span style=\"color: #ffffff; font-size: x-large; font-family: Abel; font-weight: normal;\">s\u00e9curit\u00e9. Ils ne collectent ni ne stockent aucune information personnelle.<\/span><\/p>\n<p><span style=\"font-family: Abel; font-weight: normal; font-size: x-large; color: #ffffff;\">Par exemple, ces cookies vous permettent de vous connecter \u00e0 votre compte et d\u2019ajouter des produits \u00e0 votre <\/span><\/p>\n<p><span style=\"color: #ffffff; font-size: x-large; font-family: Abel; font-weight: normal;\">panier, et de passer \u00e0 la caisse en toute s\u00e9curit\u00e9. <\/span><\/p>\n<p><span style=\"font-family: Abel; font-weight: normal; font-size: x-large; color: #ffffff;\"><\/span><\/p>\n<p><span style=\"font-family: Abel; font-weight: normal; font-size: x-large; color: #ffffff;\"><strong><\/strong><\/span><\/p>\n<p><span style=\"font-family: Abel; font-weight: normal; font-size: x-large; color: #ffffff;\"><strong>Statistiques :<\/strong> Ces cookies stockent des informations telles que le nombre de visiteurs du site web, le nombre <\/span><\/p>\n<p><span style=\"color: #ffffff; font-size: x-large; font-family: Abel; font-weight: normal;\">de visiteurs uniques,les pages du site web qui ont \u00e9t\u00e9 visit\u00e9es, la source de la visite, etc. <\/span><\/p>\n<p><span style=\"font-family: Abel; font-weight: normal; font-size: x-large; color: #ffffff;\">Ces donn\u00e9es nous aident <\/span><\/p>\n<p><span style=\"color: #ffffff; font-size: x-large; font-family: Abel; font-weight: normal;\">\u00e0 comprendre et \u00e0 analyser les performances du site web et les points \u00e0 am\u00e9liorer. <\/span><\/p>\n<p><span style=\"color: #ffffff; font-size: x-large; font-family: Abel; font-weight: normal;\">\u00a0<\/span><\/p>\n<p><span style=\"font-family: Abel; font-weight: normal; font-size: x-large; color: #ffffff;\"><strong>Marketing :<\/strong> Notre site web affiche des publicit\u00e9s. Ces cookies sont utilis\u00e9s pour personnaliser les publicit\u00e9s <\/span><\/p>\n<p><span style=\"color: #ffffff; font-size: x-large; font-family: Abel; font-weight: normal;\">que nous vous montrons afin qu\u2019elles soient significatives pour vous. Ces cookies nous aident \u00e9galement \u00e0 <\/span><\/p>\n<p><span style=\"font-family: Abel; font-weight: normal; font-size: x-large; color: #ffffff;\">suivre l\u2019efficacit\u00e9 de ces campagnes publicitaires.<\/span><\/p>\n<p><span style=\"font-family: Abel; font-weight: normal; font-size: x-large; color: #ffffff;\">Les informations stock\u00e9es dans ces cookies peuvent \u00e9galement \u00eatre utilis\u00e9es par les fournisseurs de publicit\u00e9 <\/span><\/p>\n<p><span style=\"color: #ffffff; font-size: x-large; font-family: Abel; font-weight: normal;\">tiers pour vous montrer des publicit\u00e9s sur d\u2019autres sites web sur le navigateur \u00e9galement.<\/span><\/p>\n<p><span style=\"color: #ffffff; font-size: x-large; font-family: Abel; font-weight: normal;\">\u00a0<\/span><\/p>\n<p><span style=\"font-family: Abel; font-weight: normal; font-size: x-large; color: #ffffff;\"><strong>Fonctionnels :<\/strong> Ce sont les cookies qui aident certaines fonctionnalit\u00e9s non essentielles sur notre site web. <\/span><\/p>\n<p><span style=\"color: #ffffff; font-size: x-large; font-family: Abel; font-weight: normal;\">Ces fonctionnalit\u00e9s comprennent l\u2019int\u00e9gration de contenus tels que des vid\u00e9os ou le partage de contenus du <\/span><\/p>\n<p><span style=\"color: #ffffff; font-size: x-large; font-family: Abel; font-weight: normal;\">site web sur des plateformes de m\u00e9dias sociaux. <\/span><\/p>\n<p><span style=\"font-family: Abel; font-weight: normal; font-size: x-large; color: #ffffff;\"><\/span><\/p>\n<p><span style=\"font-family: Abel; font-weight: normal; font-size: x-large; color: #ffffff;\"><strong><\/strong><\/span><\/p>\n<p><span style=\"color: #ffffff; font-size: x-large; font-family: Abel; font-weight: normal;\"><strong>Pr\u00e9f\u00e9rences :<\/strong> Ces cookies nous aident \u00e0 stocker vos param\u00e8tres et pr\u00e9f\u00e9rences de navigation, comme les <\/span><\/p>\n<p><span style=\"color: #ffffff; font-size: x-large; font-family: Abel; font-weight: normal;\">pr\u00e9f\u00e9rences linguistiques, afin de vous offrir une exp\u00e9rience meilleure et efficace lors <\/span><\/p>\n<p><span style=\"color: #ffffff; font-size: x-large; font-family: Abel; font-weight: normal;\">de vos prochaines visites sur le site web. La liste ci-dessous d\u00e9taille les cookies utilis\u00e9s sur notre site web.<\/span><\/p>\n<p><span style=\"color: #ffffff; font-size: x-large; font-family: Abel; font-weight: normal;\">\u00a0<\/span><\/p>\n<p><span style=\"font-family: Abel; font-weight: normal; font-size: x-large; color: #ffffff;\"><strong><\/strong><\/span><\/p>\n<p><span style=\"font-family: Abel; font-weight: normal; font-size: x-large; color: #ffffff;\"><strong><\/strong><\/span><\/p>\n<p><span style=\"font-family: Abel; font-weight: normal; font-size: x-large; color: #ffffff;\"><strong>Comment puis-je contr\u00f4ler les pr\u00e9f\u00e9rences en mati\u00e8re de cookies ?<\/strong> <\/span><\/p>\n<p><span style=\"font-family: Abel; font-weight: normal; font-size: x-large; color: #ffffff;\"><strong><\/strong><\/span><\/p>\n<p><span style=\"font-family: Abel; font-weight: normal; font-size: x-large; color: #ffffff;\">Si vous d\u00e9cidez de modifier vos pr\u00e9f\u00e9rences plus tard au cours de votre session de navigation, vous pouvez <\/span><\/p>\n<p><span style=\"color: #ffffff; font-size: x-large; font-family: Abel; font-weight: normal;\">cliquer sur l\u2019onglet \u201cPolitique de confidentialit\u00e9 et de cookies\u201d sur votre \u00e9cran. <\/span><\/p>\n<p><span style=\"color: #ffffff; font-size: x-large; font-family: Abel; font-weight: normal;\">Cela affichera \u00e0 nouveau l\u2019avis de consentement vous permettant de modifier vos pr\u00e9f\u00e9rences ou de retirer <\/span><\/p>\n<p><span style=\"color: #ffffff; font-size: x-large; font-family: Abel; font-weight: normal;\">enti\u00e8rement votre consentement. En outre, les diff\u00e9rents navigateurs offrent diff\u00e9rentes m\u00e9thodes pour bloquer <\/span><\/p>\n<p><span style=\"color: #ffffff; font-size: x-large; font-family: Abel; font-weight: normal;\">et supprimer les cookies utilis\u00e9s par les sites web. Vous pouvez modifier les param\u00e8tres de votre navigateur <\/span><\/p>\n<p><span style=\"font-family: Abel; font-weight: normal; font-size: x-large; color: #ffffff;\">pour bloquer\/supprimer les cookies. <\/span><\/p>\n<p><span style=\"color: #ffffff; font-size: x-large; font-family: Abel; font-weight: normal;\">Pour en savoir plus sur la mani\u00e8re de g\u00e9rer et de supprimer les cookies, consultez le site wikipedia.org, <\/span><\/p>\n<p><span style=\"font-family: Abel; font-weight: normal; font-size: x-large; color: #ffffff;\">www.allaboutcookies.org.<\/span><\/p>\n<p>[\/et_pb_text][\/et_pb_column][\/et_pb_row][et_pb_row _builder_version=&#8221;4.16&#8243; _module_preset=&#8221;default&#8221; min_height=&#8221;228.6px&#8221; global_colors_info=&#8221;{}&#8221;][et_pb_column type=&#8221;4_4&#8243; _builder_version=&#8221;4.16&#8243; _module_preset=&#8221;default&#8221; global_colors_info=&#8221;{}&#8221;][et_pb_button button_url=&#8221;https:\/\/nokossaksaly.tfolio.fr\/&#8221; button_text=&#8221;Retour&#8221; _builder_version=&#8221;4.19.5&#8243; _module_preset=&#8221;default&#8221; custom_button=&#8221;on&#8221; button_text_color=&#8221;#FFFFFF&#8221; button_icon=&#8221;&#x23;||divi||400&#8243; custom_padding=&#8221;0px|||||&#8221; hover_enabled=&#8221;0&#8243; global_colors_info=&#8221;{}&#8221; button_border_width=&#8221;1px&#8221; button_border_radius=&#8221;0px&#8221; sticky_enabled=&#8221;0&#8243; button_icon_placement=&#8221;left&#8221; button_border_width__hover_enabled=&#8221;on|hover&#8221; button_bg_color=&#8221;RGBA(255,255,255,0)&#8221; button_bg_enable_color=&#8221;on&#8221; button_border_color__hover_enabled=&#8221;on|hover&#8221; button_border_color__hover=&#8221;#FFFFFF&#8221; button_border_width__hover=&#8221;1px&#8221;][\/et_pb_button][\/et_pb_column][\/et_pb_row][\/et_pb_section]<\/p>\n","protected":false},"excerpt":{"rendered":"<p>Politique relative aux cookies \u00c0 propos de cette politique de cookies Cette politique en mati\u00e8re de cookies explique ce que sont les cookies et comment nous les utilisons, les types de cookies que nous utilisons, c\u2019est-\u00e0-dire les informations que nous collectons \u00e0 l\u2019aide de cookies et comment ces informations sont utilis\u00e9es, et comment contr\u00f4ler les [&hellip;]<\/p>\n","protected":false},"author":1,"featured_media":0,"parent":0,"menu_order":0,"comment_status":"closed","ping_status":"closed","template":"","meta":{"_et_pb_use_builder":"on","_et_pb_old_content":"","_et_gb_content_width":""},"_links":{"self":[{"href":"https:\/\/nokossaksaly.tfolio.fr\/index.php\/wp-json\/wp\/v2\/pages\/2482"}],"collection":[{"href":"https:\/\/nokossaksaly.tfolio.fr\/index.php\/wp-json\/wp\/v2\/pages"}],"about":[{"href":"https:\/\/nokossaksaly.tfolio.fr\/index.php\/wp-json\/wp\/v2\/types\/page"}],"author":[{"embeddable":true,"href":"https:\/\/nokossaksaly.tfolio.fr\/index.php\/wp-json\/wp\/v2\/users\/1"}],"replies":[{"embeddable":true,"href":"https:\/\/nokossaksaly.tfolio.fr\/index.php\/wp-json\/wp\/v2\/comments?post=2482"}],"version-history":[{"count":8,"href":"https:\/\/nokossaksaly.tfolio.fr\/index.php\/wp-json\/wp\/v2\/pages\/2482\/revisions"}],"predecessor-version":[{"id":2734,"href":"https:\/\/nokossaksaly.tfolio.fr\/index.php\/wp-json\/wp\/v2\/pages\/2482\/revisions\/2734"}],"wp:attachment":[{"href":"https:\/\/nokossaksaly.tfolio.fr\/index.php\/wp-json\/wp\/v2\/media?parent=2482"}],"curies":[{"name":"wp","href":"https:\/\/api.w.org\/{rel}","templated":true}]}}