{"id":2481,"date":"2023-06-04T15:45:23","date_gmt":"2023-06-04T13:45:23","guid":{"rendered":"https:\/\/nokossaksaly.tfolio.fr\/?page_id=2481"},"modified":"2023-07-19T09:23:19","modified_gmt":"2023-07-19T07:23:19","slug":"mentions-legales","status":"publish","type":"page","link":"https:\/\/nokossaksaly.tfolio.fr\/index.php\/mentions-legales\/","title":{"rendered":"MENTIONS LEGALES"},"content":{"rendered":"<p>[et_pb_section fb_built=&#8221;1&#8243; admin_label=&#8221;Featured Places&#8221; _builder_version=&#8221;4.19.5&#8243; background_color=&#8221;rgba(0,0,0,0.32)&#8221; min_height=&#8221;1575.6px&#8221; custom_margin=&#8221;7px||-570px|||&#8221; custom_padding=&#8221;0px|0px|2px|0px||&#8221; hover_enabled=&#8221;0&#8243; global_colors_info=&#8221;{}&#8221; title_text=&#8221;FOND-SAUMON-NOIR-2&#8243; background_image=&#8221;https:\/\/nokossaksaly.tfolio.fr\/wp-content\/uploads\/2023\/06\/FOND-SAUMON-NOIR-2.jpg&#8221; background_blend=&#8221;multiply&#8221; sticky_enabled=&#8221;0&#8243;][et_pb_row _builder_version=&#8221;4.16&#8243; custom_padding=&#8221;|||5px||&#8221; global_colors_info=&#8221;{}&#8221; custom_margin=&#8221;|auto||220px||&#8221;][et_pb_column type=&#8221;4_4&#8243; _builder_version=&#8221;4.16&#8243; custom_padding=&#8221;|||&#8221; global_colors_info=&#8221;{}&#8221; custom_padding__hover=&#8221;|||&#8221;][et_pb_text _builder_version=&#8221;4.16&#8243; text_font=&#8221;||||||||&#8221; header_font=&#8221;Raleway|700|||||||&#8221; header_font_size=&#8221;80px&#8221; header_line_height=&#8221;1.2em&#8221; header_5_font=&#8221;Raleway|700||on|||||&#8221; header_5_text_color=&#8221;#000000&#8243; header_5_font_size=&#8221;20px&#8221; header_5_letter_spacing=&#8221;0.5em&#8221; header_5_line_height=&#8221;1.8em&#8221; animation_style=&#8221;zoom&#8221; animation_intensity_zoom=&#8221;5%&#8221; header_font_size_tablet=&#8221;48px&#8221; header_font_size_phone=&#8221;32px&#8221; header_font_size_last_edited=&#8221;on|phone&#8221; header_5_font_size_tablet=&#8221;14px&#8221; header_5_font_size_phone=&#8221;12px&#8221; header_5_font_size_last_edited=&#8221;on|desktop&#8221; inline_fonts=&#8221;Times New Roman,Abel&#8221; global_colors_info=&#8221;{}&#8221;]<\/p>\n<h5>\u00a0<\/h5>\n<h1><span style=\"font-family: Abel; font-weight: normal; font-size: xx-large; color: #ffffff;\"><strong>MENTIONS L\u00c9GALES<\/strong><\/span><\/h1>\n<p><strong><span style=\"font-family: 'Times New Roman';\"><\/span><\/strong><\/p>\n<p>&nbsp;<\/p>\n<p>&nbsp;<\/p>\n<p>[\/et_pb_text][\/et_pb_column][\/et_pb_row][et_pb_row _builder_version=&#8221;4.19.5&#8243; custom_margin=&#8221;-119px|auto|-33px|204px||&#8221; custom_padding=&#8221;3px||0px|||&#8221; hover_enabled=&#8221;0&#8243; global_colors_info=&#8221;{}&#8221; background_color=&#8221;RGBA(255,255,255,0)&#8221; sticky_enabled=&#8221;0&#8243;][et_pb_column type=&#8221;4_4&#8243; _builder_version=&#8221;4.16&#8243; _module_preset=&#8221;default&#8221; global_colors_info=&#8221;{}&#8221;][et_pb_text _builder_version=&#8221;4.19.5&#8243; text_font=&#8221;Lato||||||||&#8221; text_text_color=&#8221;#898f99&#8243; text_font_size=&#8221;15px&#8221; text_line_height=&#8221;1.8em&#8221; link_font=&#8221;||||||||&#8221; link_text_color=&#8221;#3c39e6&#8243; header_font=&#8221;||||||||&#8221; header_2_font=&#8221;||||||||&#8221; header_3_font=&#8221;||||||||&#8221; header_4_font=&#8221;Lato|700|||||||&#8221; header_4_font_size=&#8221;32px&#8221; header_5_font=&#8221;||||||||&#8221; text_orientation=&#8221;center&#8221; width=&#8221;134.9%&#8221; custom_margin=&#8221;-105px|-877px|40px|139px||&#8221; custom_padding=&#8221;|0px||21px||&#8221; hover_enabled=&#8221;0&#8243; locked=&#8221;off&#8221; inline_fonts=&#8221;Times New Roman,Almarai,Tillana,Abel&#8221; global_colors_info=&#8221;{}&#8221; module_alignment=&#8221;left&#8221; sticky_enabled=&#8221;0&#8243;]<\/p>\n<p>&nbsp;<\/p>\n<h4><\/h4>\n<h1 style=\"text-align: left;\"><span style=\"font-size: x-large; font-family: 'Times New Roman';\"><\/span><\/h1>\n<h1 style=\"text-align: left;\"><span style=\"font-size: x-large; font-family: 'Times New Roman';\"><\/span><\/h1>\n<h1 style=\"text-align: left;\"><span style=\"font-size: x-large; font-family: 'Times New Roman';\"><\/span><\/h1>\n<h1 style=\"text-align: left;\"><\/h1>\n<h3 class=\"uppercase text-purple-500 font-semibold mt-8\" style=\"text-align: left;\"><\/h3>\n<p style=\"text-align: left;\"><span style=\"font-family: Abel; font-weight: normal; font-size: x-large; color: #ffffff;\">L\u2019acc\u00e8s et l\u2019utilisation du site www.savourez.nokoss-aksaly.com sont soumis aux pr\u00e9sentes Mentions l\u00e9gales, aux <\/span><\/p>\n<p style=\"text-align: left;\"><span style=\"font-family: Abel; font-weight: normal; font-size: x-large; color: #ffffff;\">conditions de vente, \u00e0 la Politique de Confidentialit\u00e9 ainsi qu\u2019aux lois et\/ou r\u00e8glements applicables.<\/span><\/p>\n<p style=\"text-align: left;\"><span style=\"font-family: Abel; font-weight: normal; font-size: x-large; color: #ffffff;\">La connexion, l\u2019utilisation et l\u2019acc\u00e8s au Site impliquent l\u2019acceptation int\u00e9grale et sans r\u00e9serve de toutes les dispositions<\/span><\/p>\n<p style=\"text-align: left;\"><span style=\"font-family: Abel; font-weight: normal; font-size: x-large; color: #ffffff;\"> des pr\u00e9sentes Mentions L\u00e9gales.<\/span><\/p>\n<p><span style=\"font-family: Abel; font-weight: normal; color: #ffffff;\">\u00a0<\/span><\/p>\n<p style=\"text-align: left;\"><span style=\"font-family: Abel; font-weight: normal; color: #ffffff;\"><span style=\"font-size: x-large;\">Soci\u00e9t\u00e9 N&#8217;okoss ak Saly <\/span><span style=\"font-size: x-large;\">SARL, <\/span><span style=\"font-size: x-large;\">Adresse du si\u00e8ge <\/span><span style=\"font-size: x-large;\">social <\/span><span style=\"font-size: x-large;\">: 67 rue OKM cite Niaye bi Mamelle Ouakam <\/span><\/span><\/p>\n<p style=\"text-align: left;\"><span style=\"font-family: Abel; font-weight: normal; color: #ffffff;\"><span style=\"font-size: x-large;\">Num\u00e9ro de t\u00e9l\u00e9phone : +221 766851978<\/span><\/span><\/p>\n<p style=\"text-align: left;\"><span style=\"font-family: Abel; font-weight: normal; color: #ffffff;\"><span style=\"font-size: x-large;\">Adresse mail : consommateurs@savourez.nokoss-aksaly.com<\/span><\/span><\/p>\n<p style=\"text-align: left;\"><span style=\"font-family: Abel; font-weight: normal; color: #ffffff;\"><span style=\"font-size: x-large;\">S\u00e9n\u00e9gal code N.I.N.E.A : 008581970 <\/span><\/span><\/p>\n<p style=\"text-align: left;\"><span style=\"font-size: x-large; font-family: Abel; color: #ffffff; font-weight: normal;\">France n\u00b0 siret : 89154257300011<\/span><\/p>\n<p style=\"text-align: left;\"><span style=\"font-size: x-large; font-family: Abel; color: #ffffff; font-weight: normal;\"> Capital de l &#8216;entreprise <span style=\"font-size: x-large;\">N&#8217;okoss ak Saly<\/span> : 5000 \u20ac<\/span><\/p>\n<h3 class=\"uppercase text-purple-500 font-semibold mt-8\" style=\"text-align: left;\"><span style=\"font-family: Abel; font-weight: normal; font-size: x-large; color: #ffffff;\">H\u00c9BERGEUR :<\/span><\/h3>\n<p style=\"text-align: left;\"><span style=\"font-family: Abel; font-weight: normal; color: #ffffff;\"><span style=\"font-size: x-large;\">Le site est h\u00e9berg\u00e9 par la soci\u00e9t\u00e9 HOSTINGER<\/span><span style=\"font-size: x-large;\">, <\/span><span style=\"font-size: x-large;\">UAB <\/span><span style=\"font-size: x-large;\">Jonavos g. 60C, 44192 <\/span><span style=\"font-size: x-large;\">Kaunas, Lithuania.<\/span><\/span><\/p>\n<p style=\"text-align: left;\"><span style=\"font-family: Abel; font-weight: normal; font-size: x-large; color: #ffffff;\">Cr\u00e9ation du site : Graphisto Concept<\/span><\/p>\n<p style=\"text-align: left;\"><span style=\"font-family: Abel; font-weight: normal; font-size: x-large; color: #ffffff;\">Num\u00e9ro de contact : 001 206 266 7010<\/span><\/p>\n<p style=\"text-align: left;\"><span style=\"font-family: Abel; font-weight: normal; font-size: x-large; color: #ffffff;\"><\/span><\/p>\n<p style=\"text-align: left;\"><span style=\"font-family: Abel; font-weight: normal; font-size: x-large; color: #ffffff;\"><\/span><\/p>\n<p class=\"p1\" style=\"text-align: left;\"><span class=\"s1\" style=\"font-family: Abel; font-weight: normal; font-size: x-large; color: #ffffff;\">En continuant votre navigation sur ce site, vous acceptez l\u2019utilisation de cookies<\/span><\/p>\n<p style=\"text-align: left;\"><span style=\"font-family: Abel; font-weight: normal; color: #ffffff;\"><span style=\"font-size: x-large;\">Un cookie est un petit fichier informatique, un traceur. <\/span><span style=\"font-size: x-large;\">Il permet d&#8217;analyser le comportement des usagers lors de la <\/span><\/span><\/p>\n<p style=\"text-align: left;\"><span style=\"font-family: Abel; font-weight: normal; color: #ffffff;\"><span style=\"font-size: x-large;\">visite d&#8217;un site internet, de la lecture d&#8217;un courrier \u00e9lectronique, de l&#8217;installation ou de l&#8217;utilisation d&#8217;un logiciel ou <\/span><\/span><\/p>\n<p style=\"text-align: left;\"><span style=\"font-family: Abel; font-weight: normal; color: #ffffff;\"><span style=\"font-size: x-large;\">d&#8217;une application mobile. Les \u00e9diteurs de sites ou d&#8217;applications qui utilisent des cookies doivent informer les internautes <\/span><\/span><\/p>\n<p style=\"text-align: left;\"><span style=\"font-family: Abel; font-weight: normal; color: #ffffff;\"><span style=\"font-size: x-large;\">de la finalit\u00e9 des cookies, obtenir leur consentement, fournir aux internautes un moyen de les refuser.<\/span><\/span><\/p>\n<h1 style=\"text-align: left;\"><span style=\"font-size: x-large; font-family: Abel; font-weight: normal; color: #ffffff;\"><\/span><\/h1>\n<h1 style=\"text-align: left;\"><span style=\"font-size: x-large; font-family: Abel; font-weight: normal; color: #ffffff;\">La dur\u00e9e de validit\u00e9 du consentement donn\u00e9 dans ce cadre est de 13 mois maximum.\u00a0<\/span><\/h1>\n<h1 style=\"text-align: left;\"><\/h1>\n<p>&nbsp;<\/p>\n<h1 style=\"text-align: left;\"><\/h1>\n<h1 style=\"text-align: left;\"><span style=\"font-size: x-large; font-family: 'Times New Roman';\"><span><\/span><\/span><\/h1>\n<h1 style=\"text-align: left;\"><span style=\"font-size: x-large; font-family: 'Times New Roman';\"><span><\/span><\/span><\/h1>\n<h1 style=\"text-align: left;\"><span style=\"font-size: x-large; font-family: 'Times New Roman';\"><span><\/span><\/span><\/h1>\n<h1 style=\"text-align: left;\"><span style=\"font-size: x-large; font-family: 'Times New Roman';\"><span><\/span><\/span><\/h1>\n<h1 style=\"text-align: left;\"><span style=\"font-size: x-large; font-family: 'Times New Roman';\"><\/span><\/h1>\n<p>&nbsp;<\/p>\n<p>[\/et_pb_text][\/et_pb_column][\/et_pb_row][et_pb_row _builder_version=&#8221;4.19.5&#8243; _module_preset=&#8221;default&#8221;][et_pb_column _builder_version=&#8221;4.19.5&#8243; _module_preset=&#8221;default&#8221; type=&#8221;4_4&#8243;][et_pb_button button_text=&#8221;Retour&#8221; _builder_version=&#8221;4.19.5&#8243; _module_preset=&#8221;default&#8221; custom_button=&#8221;on&#8221; button_text_color=&#8221;#FFFFFF&#8221; button_border_radius=&#8221;0px&#8221; button_icon=&#8221;&#x23;||divi||400&#8243; hover_enabled=&#8221;0&#8243; sticky_enabled=&#8221;0&#8243; button_icon_placement=&#8221;left&#8221; button_border_color__hover_enabled=&#8221;on|hover&#8221; button_border_color__hover=&#8221;#FFFFFF&#8221; button_url=&#8221;https:\/\/nokossaksaly.tfolio.fr\/&#8221; button_border_width=&#8221;1px&#8221;][\/et_pb_button][\/et_pb_column][\/et_pb_row][\/et_pb_section]<\/p>\n","protected":false},"excerpt":{"rendered":"<p>\u00a0 MENTIONS L\u00c9GALES &nbsp; &nbsp;&nbsp; L\u2019acc\u00e8s et l\u2019utilisation du site www.savourez.nokoss-aksaly.com sont soumis aux pr\u00e9sentes Mentions l\u00e9gales, aux conditions de vente, \u00e0 la Politique de Confidentialit\u00e9 ainsi qu\u2019aux lois et\/ou r\u00e8glements applicables. La connexion, l\u2019utilisation et l\u2019acc\u00e8s au Site impliquent l\u2019acceptation int\u00e9grale et sans r\u00e9serve de toutes les dispositions des pr\u00e9sentes Mentions L\u00e9gales. \u00a0 Soci\u00e9t\u00e9 [&hellip;]<\/p>\n","protected":false},"author":1,"featured_media":0,"parent":0,"menu_order":0,"comment_status":"closed","ping_status":"closed","template":"","meta":{"_et_pb_use_builder":"on","_et_pb_old_content":"","_et_gb_content_width":""},"_links":{"self":[{"href":"https:\/\/nokossaksaly.tfolio.fr\/index.php\/wp-json\/wp\/v2\/pages\/2481"}],"collection":[{"href":"https:\/\/nokossaksaly.tfolio.fr\/index.php\/wp-json\/wp\/v2\/pages"}],"about":[{"href":"https:\/\/nokossaksaly.tfolio.fr\/index.php\/wp-json\/wp\/v2\/types\/page"}],"author":[{"embeddable":true,"href":"https:\/\/nokossaksaly.tfolio.fr\/index.php\/wp-json\/wp\/v2\/users\/1"}],"replies":[{"embeddable":true,"href":"https:\/\/nokossaksaly.tfolio.fr\/index.php\/wp-json\/wp\/v2\/comments?post=2481"}],"version-history":[{"count":8,"href":"https:\/\/nokossaksaly.tfolio.fr\/index.php\/wp-json\/wp\/v2\/pages\/2481\/revisions"}],"predecessor-version":[{"id":2730,"href":"https:\/\/nokossaksaly.tfolio.fr\/index.php\/wp-json\/wp\/v2\/pages\/2481\/revisions\/2730"}],"wp:attachment":[{"href":"https:\/\/nokossaksaly.tfolio.fr\/index.php\/wp-json\/wp\/v2\/media?parent=2481"}],"curies":[{"name":"wp","href":"https:\/\/api.w.org\/{rel}","templated":true}]}}